{"id":6685,"date":"2021-09-15T15:15:40","date_gmt":"2021-09-15T13:15:40","guid":{"rendered":"https:\/\/geroldinger.com\/datenschutzerklaerung-2\/"},"modified":"2021-09-15T15:15:40","modified_gmt":"2021-09-15T13:15:40","slug":"datenschutzerklaerung","status":"publish","type":"page","link":"https:\/\/geroldinger.com\/en\/datenschutzerklaerung-2\/","title":{"rendered":"Datenschutzerkl\u00e4rung"},"content":{"rendered":"\r\n<div id=\"c526\" class=\"frame default\">\r\n<h1 class=\"wp-block-heading\"><strong>Datenschutzerkl\u00e4rung \/ Informationsverpflichtung<\/strong><\/h1>\r\n<p>&nbsp;<\/p>\r\n<p>Der Schutz Ihrer pers\u00f6nlichen Daten ist uns ein besonderes Anliegen. Wir verarbeiten Ihre personenbezogenen Daten (z.B. Stammdaten) daher ausschlie\u00dflich auf Grundlage der gesetzlichen Bestimmungen (DSGVO, DSG, TKG 2003). Nachfolgend finden Sie n\u00e4here Informationen \u00fcber die von uns durchgef\u00fchrten Datenverarbeitungen:<\/p>\r\n<p>&nbsp;<\/p>\r\n<h4><strong>1. Informationen \u00fcber die Verarbeitung Ihrer personenbezogenen Daten<\/strong><\/h4>\r\n<p>&nbsp;<\/p>\r\n<h5>1.1. Websitebesuch<\/h5>\r\n<p><u>Zweck:<\/u>\u00a0Wenn unsere Website nur informativ genutzt wird (keine Registrierung und keine \u00dcbermittlung sonstiger Informationen), werden personenbezogene Daten erhoben, die von Ihrem Browser an unseren Server \u00fcbermittelt werden. Das ist technisch erforderlich, um Ihnen unsere Website anzuzeigen und die Stabilit\u00e4t und Sicherheit der Website gew\u00e4hrleisten zu k\u00f6nnen.<\/p>\r\n<p><u>Rechtsgrundlage:<\/u>\u00a0berechtigtes Interesse (Art 6 Abs 1 lit f DSGVO), \u00a7 96 Abs 3 TKG 2003<\/p>\r\n<p><u>Folgende Daten werden verarbeitet:<\/u>\u00a0IP-Adresse, Datum und Uhrzeit der Anfrage, Zeitzonendifferenz zur GMT, Inhalt der Anforderung (konkrete Seite), Zugriffsstatus\/HTTP-Statuscode, jeweils \u00fcbertragene Datenmenge, anfordernde Website, Browser, Betriebssystem und Oberfl\u00e4che, Sprache und Version der Browsersoftware<\/p>\r\n<p><u>Speicherdauer:<\/u>\u00a0So lange Sie unsere Website nutzen<\/p>\r\n<p><u>Empf\u00e4nger\/Empf\u00e4ngerkategorien:<\/u>\u00a0Auftragsverarbeiter<\/p>\r\n<h5>1.2. Elektronische Kontaktanfragen \u00fcber die Website<\/h5>\r\n<p>Wenn Sie per Formular auf der Website oder per E-Mail Kontakt mit uns aufnehmen, werden Ihre angegebenen Daten zwecks Bearbeitung der Anfrage und f\u00fcr den Fall von Anschlussfragen sechs Monate bei uns bzw. bei unserem f\u00fcr Internetanfragen beauftragten Auftragsverarbeiter gespeichert. Diese Daten geben wir nicht ohne Ihre Einwilligung weiter. Bei Zustandekommen eines Vertragsverh\u00e4ltnisses ((Ersatzteil-)\/Bestellung,..) werden notwendige Daten dar\u00fcber hinaus \u00fcber den Zeitraum einer aufrechten Gesch\u00e4ftsbeziehung bzw. gesetzlich vorgegebener Speicherfristen gespeichert (\u2192 siehe Kundenverwaltung\/Rechnungswesen\/Logistik\/Buchf\u00fchrung)<\/p>\r\n<p><u>Zweck:<\/u>\u00a0Bearbeitung von Kontaktanfragen \u00fcber E-Mail oder das Website-Kontaktformular.<\/p>\r\n<p><u>Rechtsgrundlage:\u00a0<\/u>Erf\u00fcllung eines Vertrags, zur Durchf\u00fchrung vorvertraglicher Ma\u00dfnahmen erforderlich (Art 6 Abs 1 lit b DSGVO), berechtigtes Interesse (Art 6 Abs 1 lit f DSGVO), \u00a7 96 Abs 3 TKG 2003<\/p>\r\n<p><u>Folgende Daten werden verarbeitet:<\/u>\u00a0Stammdaten, Inhaltsdaten der Anfrage<\/p>\r\n<p><u>Speicherdauer:\u00a0<\/u>Bis zur Beantwortung der Anfrage. Falls gesetzliche Aufbewahrungspflichten bestehen wird die Verarbeitung bis dahin eingeschr\u00e4nkt.<\/p>\r\n<p><u>Empf\u00e4nger\/Empf\u00e4ngerkategorien:<\/u>\u00a0Auftragsverarbeiter<\/p>\r\n<h5>1.3.\u00a0 Cookies \/ Webanalysedienst<\/h5>\r\n<p>Unsere Website verwendet so genannte Cookies. Dabei handelt es sich um kleine Textdateien, die mit Hilfe des Browsers auf Ihrem Endger\u00e4t abgelegt werden. Sie richten keinen Schaden an.<\/p>\r\n<p>Wir nutzen Cookies dazu, unser Angebot nutzerfreundlich zu gestalten. Einige Cookies bleiben auf Ihrem Endger\u00e4t gespeichert, bis Sie diese l\u00f6schen. Sie erm\u00f6glichen es uns, Ihren Browser beim n\u00e4chsten Besuch wiederzuerkennen.<\/p>\r\n<p>Wenn Sie dies nicht w\u00fcnschen, so k\u00f6nnen Sie Ihren Browser so einrichten, dass er Sie \u00fcber das Setzen von Cookies informiert und Sie dies nur im Einzelfall erlauben. Bitte beachten Sie, dass bei deaktivierten Cookies die Funktionalit\u00e4t unserer Website eingeschr\u00e4nkt sein kann.<\/p>\r\n<h4>\u00a0<\/h4>\r\n<h5>Web-Analyse:<\/h5>\r\n<p><strong>Google Analytics:<\/strong>\u00a0Google LLC, 1600 Amphitheatre Parkway, Mountain View, CA 94043, USA<\/p>\r\n<p>Diese Website nutzt Google Analytics, ein Netzanalyse-Service von Google Inc. (\u201cGoogle\u201d). Google Analytics verwendet \u201cCookies\u201d. Die Informationen betreffend Besuch einer Website, einschlie\u00dflich der IP-Adresse, werden vom Cookie gesammelt und \u00fcblicherweise an einen Google-Server in den USA \u00fcbermittelt und dort gespeichert. Wenn eine Website \u2013 wie geroldinger.com &#8211; IP-Anonymisierung aktiviert hat, verk\u00fcrzt Google zun\u00e4chst IP-Adressen aus Mitgliedsstaaten der Europ\u00e4ischen Union und EWR-Staaten. Die vollst\u00e4ndige IP-Adresse wird dann, nur ausnahmsweise, in die USA oder nach Asien an den Google-Server \u00fcbermittelt und erst dort verk\u00fcrzt. Google verwendet, die im Namen des Website-Providers gesammelten Informationen, um die Ben\u00fctzung von geroldinger.com zu analysieren, um Reports \u00fcber die Websiteaktivit\u00e4ten und um zus\u00e4tzliche Services betreffend zu erbringen. Google verkn\u00fcpft unter keinen Umst\u00e4nden, die im Rahmen von Google Analytics vom Browser \u00fcbermittelte IP-Adresse mit anderen Google-Daten.<\/p>\r\n<p>N\u00e4here Informationen zu Google Analytics und Datenschutz finden Sie unter\u00a0<a href=\"https:\/\/www.google.com\/intl\/de\/analytics\/privacyoverview.html%22%20%5Ct%20%22_blank\" target=\"_blank\" rel=\"noopener\">https:\/\/www.google.com\/intl\/de\/analytics\/privacyoverview.html<\/a>.<\/p>\r\n<\/div>\r\n<div id=\"c528\" class=\"frame default\">\r\n<p><a>Klicken Sie hier, um von der Google Analytics Messung ausgeschlossen zu werden.<\/a><\/p>\r\n<\/div>\r\n<div id=\"c527\" class=\"frame default\">\r\n<p>\u2022\u00a0Zweck: Verbesserung des Leistungsangebots, Webauftritts und Direktwerbung<\/p>\r\n<p>\u2022 Rechtsgrundlage: Einwilligung (Art 6 Abs 1 lit a DSGVO), Erf\u00fcllung eines Vertrags, zur\u00a0 \u00a0 \u00a0 \u00a0 \u00a0 \u00a0 Durchf\u00fchrung vorvertraglicher Ma\u00dfnahmen erforderlich (Art 6 Abs 1 lit b DSGVO), berechtigtes Interesse, insb zur Verbesserung der eigenen Dienste zugunsten der Nutzer (Art 6 Abs 1 lit f DSGVO), \u00a7 96 Abs 3 TKG 2003<\/p>\r\n<p>\u2022 Folgende Daten werden verarbeitet: IP-Adresse<\/p>\r\n<p>\u2022 Speicherdauer: Web-Analysedienst: 26 Monate<\/p>\r\n<p>\u2022 Empf\u00e4nger\/Empf\u00e4ngerkategorien: Auftragsverarbeiter<\/p>\r\n<p>Wir weisen darauf hin, dass Sie das Recht haben, aus Gr\u00fcnden, die sich aus Ihrer besonderen Situation ergeben, jederzeit gegen die Verarbeitung Sie betreffender personenbezogener Daten, gem\u00e4\u00df Art 21 DSGVO Widerspruch einzulegen. Dies gilt nur, wenn die Datenverarbeitung nicht zur Wahrung berechtigter Interessen von uns oder eines Dritten erforderlich ist (Art 6 Abs 1 lit f DSGVO).<\/p>\r\n<p>Wie Sie Ihr Recht auf Widerspruch aus\u00fcben k\u00f6nnen, finden Sie in Punkt Betroffenenrechte.<\/p>\r\n<p>&nbsp;<\/p>\r\n<h5>1.4\u00a0 Kundenverwaltung, Rechnungswesen, Logistik und Buchf\u00fchrung<\/h5>\r\n<p><u>Zweck:\u00a0<\/u>Verarbeitung und \u00dcbermittlung von Daten im Rahmen einer Gesch\u00e4ftsbeziehung mit Kunden und Lieferanten, einschlie\u00dflich automationsunterst\u00fctzt erstellter und archivierter Textdokumente (wie z.B. Korrespondenz) in diesen Angelegenheiten.<\/p>\r\n<p><u>Rechtsgrundlage:<\/u>\u00a0Erf\u00fcllung eines Vertrags, zur Durchf\u00fchrung vorvertraglicher Ma\u00dfnahmen erforderlich (Art 6 Abs 1 lit b DSGVO), Erf\u00fcllung einer rechtlichen Verpflichtung (Art 6 Abs 1 lit c DSGVO), berechtigtes Interesse, insb Abwehr, Aus\u00fcbung und Geltendmachung von Rechtsanspr\u00fcchen (Art 6 Abs 1 lit f DSGVO), ausdr\u00fcckliche Einwilligung (Art 9 Abs 2 lit a DSGVO), erforderlich zur Erf\u00fcllung der Verpflichtungen aus dem Arbeitsrecht und Sozialrecht (Art 9 Abs 2 lit b DSGVO).<\/p>\r\n<p><u>Speicherdauer:<\/u>\u00a0Bis zur Beendigung der Gesch\u00e4ftsbeziehung oder bis zum Ablauf der f\u00fcr den Auftraggeber geltenden Garantie-, Gew\u00e4hrleistungs-, Verj\u00e4hrungs- und gesetzlichen Aufbewahrungsfristen (insb. BAO Bundesabgabenordnung); dar\u00fcber hinaus bis zur Beendigung von allf\u00e4lligen Rechtsstreitigkeiten, bei denen die Daten als Beweis ben\u00f6tigt werden.<\/p>\r\n<p><u>Empf\u00e4nger\/Empf\u00e4ngerkategorien:<\/u>\u00a0Alle Personen und Einrichtungen, die im Rahmen der Gesch\u00e4ftst\u00e4tigkeit zu befassen sind; Lieferanten (Erbringer von Leistungen); Finanzamt; Bankinstitute; Rechtsvertreter; Gerichte und Beh\u00f6rden; Wirtschaftstreuh\u00e4nder (Wirtschaftspr\u00fcfer, Steuerberater); Inkassounternehmen zur Schuldeneintreibung; Vertrags- oder Gesch\u00e4ftspartner, die an der Lieferung oder Leistung mitwirken bzw. mitwirken sollen; Versicherungen aus Anlass des Abschlusses eines Versicherungsvertrages \u00fcber die Lieferung\/Leistung oder des Eintritts des Versicherungsfalles.<\/p>\r\n<p>Die Bereitstellung Ihrer personenbezogenen Daten ist zur Vertragserf\u00fcllung bzw Durchf\u00fchrung vorvertraglicher Ma\u00dfnahmen erforderlich. Ohne diese Daten k\u00f6nnen wir einen Vertrag mit Ihnen nicht abschlie\u00dfen.<\/p>\r\n<p>&nbsp;<\/p>\r\n<h5>1.5 Kundenbetreuung und Marketing f\u00fcr eigene Zwecke<\/h5>\r\n<p>Um Sie zielgerichtet mit Informationen zu versorgen, erheben und verarbeiten wir au\u00dferdem freiwillig gemachte Angaben.<\/p>\r\n<p>a) Sobald Sie sich f\u00fcr den Newsletter angemeldet haben, senden wir Ihnen gegebenenfalls ein Best\u00e4tigungs-E-Mail mit einem Link zur Best\u00e4tigung der Anmeldung.<\/p>\r\n<p><u>Zweck:<\/u>\u00a0Verarbeitung von eigenen oder zugekauften Kunden- und Interessentendaten f\u00fcr die Gesch\u00e4ftsanbahnung betreffend das eigene Lieferungs- oder Leistungsangebot sowie zur Durchf\u00fchrung von Werbema\u00dfnahmen und Newsletter-Versand; Customer Relation Management.<\/p>\r\n<p><u>Rechtsgrundlage:<\/u>\u00a0Einwilligung (Art 6 Abs 1 lit a DSGVO), Erf\u00fcllung eines Vertrags, zur Durchf\u00fchrung vorvertraglicher Ma\u00dfnahmen erforderlich (Art 6 Abs 1 lit b DSGVO), berechtigtes Interesse, insb Abwehr, Aus\u00fcbung und Geltendmachung von Rechtsanspr\u00fcchen (Art 6 Abs 1 lit f DSGVO)<\/p>\r\n<p><u>Folgende Daten werden f\u00fcr den Newsletter-Versand \u00fcber unsere Website verarbeitet:\u00a0<\/u>Stammdaten<\/p>\r\n<p><u>Speicherdauer:<\/u>\u00a0Die Daten d\u00fcrfen bis zum Ablauf des dritten Jahres nach dem letzten Kontakt mit dem Auftraggeber aufbewahrt werden, sofern nicht l\u00e4ngere vertragliche oder gesetzliche Aufbewahrungsfristen bestehen.<\/p>\r\n<p><u>Empf\u00e4nger\/Empf\u00e4ngerkategorien:\u00a0<\/u>Auftragsverarbeiter<\/p>\r\n<p>Wir weisen darauf hin, dass Sie das Recht haben, Ihre Einwilligung f\u00fcr den Newsletter- Versand\u00a0ohne Angabe von Gr\u00fcnden jederzeit zu widerrufen. Durch Ihren Widerruf wird die Rechtm\u00e4\u00dfigkeit der bis zum Widerruf erfolgten Datenverarbeitung aber nicht ber\u00fchrt.<\/p>\r\n<p>Wie Sie neben dem Link in jedem Newsletter Ihr Recht auf Widerruf aus\u00fcben k\u00f6nnen, finden Sie in Punkt Betroffenenrechte<\/p>\r\n<p>&nbsp;<\/p>\r\n<h4><strong>2. Betroffenenrechte\/Widerspruchs- und Widerrufsrecht\/Beschwerderecht<\/strong><\/h4>\r\n<ul>\r\n<li>Recht auf Auskunft (Art 15 DSGVO),<\/li>\r\n<li>Recht auf Berichtigung (Art 16 DSGVO) oder L\u00f6schung (Art 17 DSGVO),<\/li>\r\n<li>Einschr\u00e4nkung der Verarbeitung (Art 18 DSGVO),<\/li>\r\n<li>Recht auf Daten\u00fcbertragbarkeit (Art 20 DSGVO),<\/li>\r\n<li>Recht auf Widerspruch der Verarbeitung (Art 21 DSGVO).<\/li>\r\n<\/ul>\r\n<p><u>Widerspruchsrecht:<\/u>\u00a0Basiert die Verarbeitung Ihrer personenbezogenen Daten auf einer Interessenabw\u00e4gung (Art 6 Abs 1 lit f DSGVO: berechtigte Interessen), haben Sie das Recht, aus Gr\u00fcnden, die sich aus Ihrer besonderen Situation ergeben, jederzeit gegen die Verarbeitung Widerspruch einzulegen. Wir ersuchen Sie bei Aus\u00fcbung Ihres Widerspruchsrechts, uns Ihre Gr\u00fcnde darzulegen, weshalb wir Ihre personenbezogenen Daten nicht wie von uns durchgef\u00fchrt verarbeiten sollten. Wir pr\u00fcfen die Sachlage und stellen entweder die Datenverarbeitung ein oder passen sie an oder zeigen Ihnen unsere zwingenden schutzw\u00fcrdigen Gr\u00fcnde auf und f\u00fchren die Datenverarbeitung fort. Wir f\u00fchren die Datenverarbeitung auch dann fort, wenn sie der Geltendmachung, Aus\u00fcbung oder Verteidigung von Rechtsanspr\u00fcchen dient.<\/p>\r\n<p>Der Datenverarbeitung f\u00fcr die Zwecke der Direktwerbung und Datenanalyse k\u00f6nnen Sie jederzeit widersprechen. In diesem Fall stellen wir die Datenverarbeitung ein.<\/p>\r\n<p><u>Widerrufsrecht:<\/u>\u00a0Haben Sie uns f\u00fcr die Verarbeitung Ihrer personenbezogenen Daten Ihre Einwilligung erteilt, k\u00f6nnen Sie die Einwilligung auch jederzeit widerrufen. Durch Ihren Widerruf wird die Rechtm\u00e4\u00dfigkeit der bis zum Widerruf erfolgten Datenverarbeitung nicht ber\u00fchrt.<\/p>\r\n<p>Um die angef\u00fchrten Rechte auszu\u00fcben, m\u00fcssen Sie uns pers\u00f6nlich, telefonisch oder schriftlich informieren. Kontaktdaten siehe unten.<\/p>\r\n<p>Bitte beachten Sie, dass wir Ihnen nur dann Ausk\u00fcnfte erteilen k\u00f6nnen, wenn Sie sich identifizieren k\u00f6nnen.<\/p>\r\n<p>Wenn Sie glauben, dass die Verarbeitung Ihrer Daten gegen geltendes Datenschutzrecht verst\u00f6\u00dft oder Ihre datenschutzrechtlichen Anspr\u00fcche verletzt worden sind, nehmen Sie bitte mit uns \/ unserem Datenschutzkoordinator Kontakt auf. Wir werden die Situation dann umgehend aufkl\u00e4ren bzw. beheben. Weiters k\u00f6nnen Sie sich in solchen F\u00e4llen bei der Aufsichtsbeh\u00f6rde beschweren. In \u00d6sterreich ist dies die Datenschutzbeh\u00f6rde.<\/p>\r\n<p>&nbsp;<\/p>\r\n<h4><strong>3.\u00a0Informationen \u00fcber Daten\u00fcbermittlungen in Drittl\u00e4nder oder an internationale Organisationen<\/strong><\/h4>\r\n<p>Die von uns verarbeiteten Daten werden nicht an Empf\u00e4nger in Drittl\u00e4nder oder internationale Organisationen \u00fcbermittelt.<\/p>\r\n<p>&nbsp;<\/p>\r\n<h4><strong>4. Sie erreichen uns unter folgenden Kontaktdaten<\/strong><\/h4>\r\n<h5>\u00a0<\/h5>\r\n<h5>4.1. Verantwortlicher:<\/h5>\r\n<p>Ing. Walter Geroldinger<br \/>GEROLDINGER GMBH<br \/>Au-Stra\u00dfe 9, 4771 Sigharting, Austria<br \/>T: +43 7766 2437-0, F: +43 7766 2437-24<br \/>\u00a0 \u00a0 \u00a0 \u00a0 \u00a0 \u00a0 \u00a0\u00a0<a>office<span class=\"makeSymbolNew\">@<\/span>geroldinger<span class=\"makePointNew\">.<\/span>com<\/a><br \/>\u00a0 \u00a0 \u00a0 \u00a0 \u00a0 \u00a0 \u00a0\u00a0<a href=\"https:\/\/www.geroldinger.com\/\" target=\"_blank\" rel=\"noopener\">www.geroldinger.com<\/a><\/p>\r\n<p>&nbsp;<\/p>\r\n<h4>4.2. Datenschutzkoordinator:<\/h4>\r\n<p>Da wir gesetzlich nicht verpflichtet sind, haben wir keinen Datenschutzbeauftragten bestellt\/bei der Datenschutzbeh\u00f6rde benannt.<br \/>Unseren Datenschutzkoordinator erreichen Sie unter:<br \/><br \/>Stefan Friedl<br \/>GEROLDINGER GMBH<br \/>Au-Stra\u00dfe 9,A-4771 Sigharting<br \/>T: +43 7766 2437-0, F: +43 7766 2437-24<br \/>\u00a0 \u00a0 \u00a0 \u00a0 \u00a0 \u00a0 \u00a0<a>office<span class=\"makeSymbolNew\">@<\/span>geroldinger<span class=\"makePointNew\">.<\/span>com<\/a><br \/>\u00a0 \u00a0 \u00a0 \u00a0 \u00a0 \u00a0 \u00a0<a href=\"https:\/\/www.geroldinger.com\/\" target=\"_blank\" rel=\"noopener\">www.geroldinger.com<\/a><\/p>\r\n<\/div>\r\n","protected":false},"excerpt":{"rendered":"<p>Datenschutzerkl\u00e4rung \/ Informationsverpflichtung &nbsp; Der Schutz Ihrer pers\u00f6nlichen Daten ist uns ein besonderes Anliegen. Wir verarbeiten Ihre personenbezogenen Daten (z.B. Stammdaten) daher ausschlie\u00dflich auf Grundlage der gesetzlichen Bestimmungen (DSGVO, DSG, TKG 2003). Nachfolgend finden Sie n\u00e4here Informationen \u00fcber die von uns durchgef\u00fchrten Datenverarbeitungen: &nbsp; 1. Informationen \u00fcber die Verarbeitung Ihrer personenbezogenen Daten &nbsp; 1.1. Websitebesuch [&hellip;]<\/p>\n","protected":false},"author":1,"featured_media":0,"parent":0,"menu_order":0,"comment_status":"closed","ping_status":"open","template":"","meta":{"site-sidebar-layout":"default","site-content-layout":"","ast-site-content-layout":"default","site-content-style":"default","site-sidebar-style":"default","ast-global-header-display":"","ast-banner-title-visibility":"","ast-main-header-display":"","ast-hfb-above-header-display":"","ast-hfb-below-header-display":"","ast-hfb-mobile-header-display":"","site-post-title":"","ast-breadcrumbs-content":"","ast-featured-img":"","footer-sml-layout":"","ast-disable-related-posts":"","theme-transparent-header-meta":"","adv-header-id-meta":"","stick-header-meta":"","header-above-stick-meta":"","header-main-stick-meta":"","header-below-stick-meta":"","astra-migrate-meta-layouts":"default","ast-page-background-enabled":"default","ast-page-background-meta":{"desktop":{"background-color":"var(--ast-global-color-4)","background-image":"","background-repeat":"repeat","background-position":"center center","background-size":"auto","background-attachment":"scroll","background-type":"","background-media":"","overlay-type":"","overlay-color":"","overlay-opacity":"","overlay-gradient":""},"tablet":{"background-color":"","background-image":"","background-repeat":"repeat","background-position":"center center","background-size":"auto","background-attachment":"scroll","background-type":"","background-media":"","overlay-type":"","overlay-color":"","overlay-opacity":"","overlay-gradient":""},"mobile":{"background-color":"","background-image":"","background-repeat":"repeat","background-position":"center center","background-size":"auto","background-attachment":"scroll","background-type":"","background-media":"","overlay-type":"","overlay-color":"","overlay-opacity":"","overlay-gradient":""}},"ast-content-background-meta":{"desktop":{"background-color":"var(--ast-global-color-5)","background-image":"","background-repeat":"repeat","background-position":"center center","background-size":"auto","background-attachment":"scroll","background-type":"","background-media":"","overlay-type":"","overlay-color":"","overlay-opacity":"","overlay-gradient":""},"tablet":{"background-color":"var(--ast-global-color-5)","background-image":"","background-repeat":"repeat","background-position":"center center","background-size":"auto","background-attachment":"scroll","background-type":"","background-media":"","overlay-type":"","overlay-color":"","overlay-opacity":"","overlay-gradient":""},"mobile":{"background-color":"var(--ast-global-color-5)","background-image":"","background-repeat":"repeat","background-position":"center center","background-size":"auto","background-attachment":"scroll","background-type":"","background-media":"","overlay-type":"","overlay-color":"","overlay-opacity":"","overlay-gradient":""}},"footnotes":""},"class_list":["post-6685","page","type-page","status-publish","hentry"],"yoast_head":"<!-- This site is optimized with the Yoast SEO plugin v27.2 - https:\/\/yoast.com\/product\/yoast-seo-wordpress\/ -->\n<title>Datenschutzerkl\u00e4rung - Geroldinger<\/title>\n<meta name=\"robots\" content=\"index, follow, max-snippet:-1, max-image-preview:large, max-video-preview:-1\" \/>\n<link rel=\"canonical\" href=\"https:\/\/geroldinger.com\/en\/datenschutzerklaerung-2\/\" \/>\n<meta property=\"og:locale\" content=\"en_US\" \/>\n<meta property=\"og:type\" content=\"article\" \/>\n<meta property=\"og:title\" content=\"Datenschutzerkl\u00e4rung - Geroldinger\" \/>\n<meta property=\"og:description\" content=\"Datenschutzerkl\u00e4rung \/ Informationsverpflichtung &nbsp; Der Schutz Ihrer pers\u00f6nlichen Daten ist uns ein besonderes Anliegen. Wir verarbeiten Ihre personenbezogenen Daten (z.B. Stammdaten) daher ausschlie\u00dflich auf Grundlage der gesetzlichen Bestimmungen (DSGVO, DSG, TKG 2003). Nachfolgend finden Sie n\u00e4here Informationen \u00fcber die von uns durchgef\u00fchrten Datenverarbeitungen: &nbsp; 1. Informationen \u00fcber die Verarbeitung Ihrer personenbezogenen Daten &nbsp; 1.1. Websitebesuch [&hellip;]\" \/>\n<meta property=\"og:url\" content=\"https:\/\/geroldinger.com\/en\/datenschutzerklaerung-2\/\" \/>\n<meta property=\"og:site_name\" content=\"Geroldinger\" \/>\n<meta property=\"article:publisher\" content=\"https:\/\/www.facebook.com\/geroldinger\/\" \/>\n<meta name=\"twitter:card\" content=\"summary_large_image\" \/>\n<meta name=\"twitter:label1\" content=\"Est. reading time\" \/>\n\t<meta name=\"twitter:data1\" content=\"8 minutes\" \/>\n<script type=\"application\/ld+json\" class=\"yoast-schema-graph\">{\"@context\":\"https:\/\/schema.org\",\"@graph\":[{\"@type\":\"WebPage\",\"@id\":\"https:\/\/geroldinger.com\/en\/datenschutzerklaerung-2\/\",\"url\":\"https:\/\/geroldinger.com\/en\/datenschutzerklaerung-2\/\",\"name\":\"Datenschutzerkl\u00e4rung - Geroldinger\",\"isPartOf\":{\"@id\":\"https:\/\/geroldinger.com\/en\/#website\"},\"datePublished\":\"2021-09-15T13:15:40+00:00\",\"breadcrumb\":{\"@id\":\"https:\/\/geroldinger.com\/en\/datenschutzerklaerung-2\/#breadcrumb\"},\"inLanguage\":\"en-US\",\"potentialAction\":[{\"@type\":\"ReadAction\",\"target\":[\"https:\/\/geroldinger.com\/en\/datenschutzerklaerung-2\/\"]}]},{\"@type\":\"BreadcrumbList\",\"@id\":\"https:\/\/geroldinger.com\/en\/datenschutzerklaerung-2\/#breadcrumb\",\"itemListElement\":[{\"@type\":\"ListItem\",\"position\":1,\"name\":\"Startseite\",\"item\":\"https:\/\/geroldinger.com\/en\/\"},{\"@type\":\"ListItem\",\"position\":2,\"name\":\"Datenschutzerkl\u00e4rung\"}]},{\"@type\":\"WebSite\",\"@id\":\"https:\/\/geroldinger.com\/en\/#website\",\"url\":\"https:\/\/geroldinger.com\/en\/\",\"name\":\"Geroldinger\",\"description\":\"\",\"publisher\":{\"@id\":\"https:\/\/geroldinger.com\/en\/#organization\"},\"potentialAction\":[{\"@type\":\"SearchAction\",\"target\":{\"@type\":\"EntryPoint\",\"urlTemplate\":\"https:\/\/geroldinger.com\/en\/?s={search_term_string}\"},\"query-input\":{\"@type\":\"PropertyValueSpecification\",\"valueRequired\":true,\"valueName\":\"search_term_string\"}}],\"inLanguage\":\"en-US\"},{\"@type\":\"Organization\",\"@id\":\"https:\/\/geroldinger.com\/en\/#organization\",\"name\":\"Geroldinger\",\"url\":\"https:\/\/geroldinger.com\/en\/\",\"logo\":{\"@type\":\"ImageObject\",\"inLanguage\":\"en-US\",\"@id\":\"https:\/\/geroldinger.com\/en\/#\/schema\/logo\/image\/\",\"url\":\"https:\/\/geroldinger.com\/wp-content\/uploads\/2021\/11\/geroldinger-logo-new.png\",\"contentUrl\":\"https:\/\/geroldinger.com\/wp-content\/uploads\/2021\/11\/geroldinger-logo-new.png\",\"width\":986,\"height\":228,\"caption\":\"Geroldinger\"},\"image\":{\"@id\":\"https:\/\/geroldinger.com\/en\/#\/schema\/logo\/image\/\"},\"sameAs\":[\"https:\/\/www.facebook.com\/geroldinger\/\",\"https:\/\/www.linkedin.com\/company\/geroldinger-gmbh\/\",\"https:\/\/www.youtube.com\/user\/geroldingergmbH\"]}]}<\/script>\n<!-- \/ Yoast SEO plugin. -->","yoast_head_json":{"title":"Datenschutzerkl\u00e4rung - Geroldinger","robots":{"index":"index","follow":"follow","max-snippet":"max-snippet:-1","max-image-preview":"max-image-preview:large","max-video-preview":"max-video-preview:-1"},"canonical":"https:\/\/geroldinger.com\/en\/datenschutzerklaerung-2\/","og_locale":"en_US","og_type":"article","og_title":"Datenschutzerkl\u00e4rung - Geroldinger","og_description":"Datenschutzerkl\u00e4rung \/ Informationsverpflichtung &nbsp; Der Schutz Ihrer pers\u00f6nlichen Daten ist uns ein besonderes Anliegen. Wir verarbeiten Ihre personenbezogenen Daten (z.B. Stammdaten) daher ausschlie\u00dflich auf Grundlage der gesetzlichen Bestimmungen (DSGVO, DSG, TKG 2003). Nachfolgend finden Sie n\u00e4here Informationen \u00fcber die von uns durchgef\u00fchrten Datenverarbeitungen: &nbsp; 1. Informationen \u00fcber die Verarbeitung Ihrer personenbezogenen Daten &nbsp; 1.1. Websitebesuch [&hellip;]","og_url":"https:\/\/geroldinger.com\/en\/datenschutzerklaerung-2\/","og_site_name":"Geroldinger","article_publisher":"https:\/\/www.facebook.com\/geroldinger\/","twitter_card":"summary_large_image","twitter_misc":{"Est. reading time":"8 minutes"},"schema":{"@context":"https:\/\/schema.org","@graph":[{"@type":"WebPage","@id":"https:\/\/geroldinger.com\/en\/datenschutzerklaerung-2\/","url":"https:\/\/geroldinger.com\/en\/datenschutzerklaerung-2\/","name":"Datenschutzerkl\u00e4rung - Geroldinger","isPartOf":{"@id":"https:\/\/geroldinger.com\/en\/#website"},"datePublished":"2021-09-15T13:15:40+00:00","breadcrumb":{"@id":"https:\/\/geroldinger.com\/en\/datenschutzerklaerung-2\/#breadcrumb"},"inLanguage":"en-US","potentialAction":[{"@type":"ReadAction","target":["https:\/\/geroldinger.com\/en\/datenschutzerklaerung-2\/"]}]},{"@type":"BreadcrumbList","@id":"https:\/\/geroldinger.com\/en\/datenschutzerklaerung-2\/#breadcrumb","itemListElement":[{"@type":"ListItem","position":1,"name":"Startseite","item":"https:\/\/geroldinger.com\/en\/"},{"@type":"ListItem","position":2,"name":"Datenschutzerkl\u00e4rung"}]},{"@type":"WebSite","@id":"https:\/\/geroldinger.com\/en\/#website","url":"https:\/\/geroldinger.com\/en\/","name":"Geroldinger","description":"","publisher":{"@id":"https:\/\/geroldinger.com\/en\/#organization"},"potentialAction":[{"@type":"SearchAction","target":{"@type":"EntryPoint","urlTemplate":"https:\/\/geroldinger.com\/en\/?s={search_term_string}"},"query-input":{"@type":"PropertyValueSpecification","valueRequired":true,"valueName":"search_term_string"}}],"inLanguage":"en-US"},{"@type":"Organization","@id":"https:\/\/geroldinger.com\/en\/#organization","name":"Geroldinger","url":"https:\/\/geroldinger.com\/en\/","logo":{"@type":"ImageObject","inLanguage":"en-US","@id":"https:\/\/geroldinger.com\/en\/#\/schema\/logo\/image\/","url":"https:\/\/geroldinger.com\/wp-content\/uploads\/2021\/11\/geroldinger-logo-new.png","contentUrl":"https:\/\/geroldinger.com\/wp-content\/uploads\/2021\/11\/geroldinger-logo-new.png","width":986,"height":228,"caption":"Geroldinger"},"image":{"@id":"https:\/\/geroldinger.com\/en\/#\/schema\/logo\/image\/"},"sameAs":["https:\/\/www.facebook.com\/geroldinger\/","https:\/\/www.linkedin.com\/company\/geroldinger-gmbh\/","https:\/\/www.youtube.com\/user\/geroldingergmbH"]}]}},"_links":{"self":[{"href":"https:\/\/geroldinger.com\/en\/wp-json\/wp\/v2\/pages\/6685","targetHints":{"allow":["GET"]}}],"collection":[{"href":"https:\/\/geroldinger.com\/en\/wp-json\/wp\/v2\/pages"}],"about":[{"href":"https:\/\/geroldinger.com\/en\/wp-json\/wp\/v2\/types\/page"}],"author":[{"embeddable":true,"href":"https:\/\/geroldinger.com\/en\/wp-json\/wp\/v2\/users\/1"}],"replies":[{"embeddable":true,"href":"https:\/\/geroldinger.com\/en\/wp-json\/wp\/v2\/comments?post=6685"}],"version-history":[{"count":0,"href":"https:\/\/geroldinger.com\/en\/wp-json\/wp\/v2\/pages\/6685\/revisions"}],"wp:attachment":[{"href":"https:\/\/geroldinger.com\/en\/wp-json\/wp\/v2\/media?parent=6685"}],"curies":[{"name":"wp","href":"https:\/\/api.w.org\/{rel}","templated":true}]}}